{"id":595,"date":"2021-04-19T18:01:15","date_gmt":"2021-04-19T16:01:15","guid":{"rendered":"https:\/\/pilatesexcellence.ochoagency.dev\/?page_id=595"},"modified":"2023-11-24T13:37:28","modified_gmt":"2023-11-24T12:37:28","slug":"home","status":"publish","type":"page","link":"http:\/\/pilatesexcellence.ochoagency.dev\/en\/","title":{"rendered":"Home"},"content":{"rendered":"<p>[sc_recom][sc_partenaire]\t\t<\/p>\n<h2>Le Pilates \u00e0 domicile pour une approche du corps dans sa globalit\u00e9 et dans sa singularit\u00e9 !<\/h2>\n<h3 id=\"elementor-tab-title-1551\" data-tab=\"1\" role=\"tab\" aria-controls=\"elementor-tab-content-1551\" aria-expanded=\"false\">\n\t\t\t\t\t\t\t\t\t\t\t\t<a href=\"\">Qu&#8217;est-ce que la methode pilates et comment elle vous aide a vous sentir mieux dans votre corps ?<\/a><br \/>\n\t\t\t\t\t<\/h3>\n<p>\u00c0 la fois inspir\u00e9 de la pratique du yoga, de la danse et de la gymnastique, le <strong>pilates <\/strong>est une m\u00e9thode d&#8217;<strong>entra\u00eenement physique <\/strong>qui sollicite tous les muscles du corps via des exercices bas\u00e9s essentiellement sur le <strong>renforcement musculaire<\/strong>.<\/p>\n<p>Toutefois, lorsque vous remettez le renouveau de votre corps entre les mains de votre <strong>professeur de pilates<\/strong>, vous apprenez \u00e0 garder \u00e0 l&#8217;esprit, pendant toute la dur\u00e9e de votre <strong>activit\u00e9 physique et sportive<\/strong>, certains principes de base int\u00e9gralement li\u00e9s \u00e0 la r\u00e9ussite de la s\u00e9ance :<\/p>\n<p><strong>Contr\u00f4le: <\/strong>Vous devez avoir la ma\u00eetrise des mouvements de votre corps pendant toute la dur\u00e9e de l\u2019exercice.<\/p>\n<p><strong>Respiration <\/strong>: Elle doit \u00eatre int\u00e9gr\u00e9e \u00e0 chaque mouvement pour aider \u00e0 la \ufb02uidit\u00e9 des exercices, et rester concentr\u00e9.<\/p>\n<p><strong>Fluidit\u00e9 <\/strong>: Les exercices de pilates doivent \u00eatre r\u00e9alis\u00e9s avec rythme, \ufb02uidit\u00e9 et en parfaite coordination entre l&#8217;esprit, le syst\u00e8me nerveux, les muscles profonds et les articulations.<\/p>\n<p><strong>Concentration <\/strong>: C&#8217;est tout un travail de r\u00e9\ufb02exion qui doit vous permettre de concentrer vos mouvements et votre respiration au centre de votre corps et de son point de gravit\u00e9.<\/p>\n<p><strong>Centrage <\/strong>: Le travail en profondeur des muscles du centre (zone abdominale), permet une plus grande stabilit\u00e9 au reste du corps. Avoir un centre fort, stable et souple assure coordination et contr\u00f4le du mouvement.<\/p>\n<p><strong>Pr\u00e9cision <\/strong>: l&#8217;encha\u00eenement des exercices de pilates s&#8217;effectue de mani\u00e8re pr\u00e9cise si bien que pour les r\u00e9ussir, vous devez \u00eatre en mesure de bannir tout mouvement al\u00e9atoire ou parasite.<\/p>\n<p><strong>Relaxation <\/strong>: L&#8217;association de la concentration, des techniques de respiration et de pr\u00e9cision des mouvements doit vous permettre d&#8217;optimiser vos amplitudes tout en autorisant un rel\u00e2chement et une d\u00e9tente de vos muscles.<\/p>\n<p>\u00c0 l&#8217;image d&#8217;un <strong>cours de gym<\/strong>, les exercices pouvant \u00eatre pratiqu\u00e9s lors d&#8217;une <strong>s\u00e9ance de pilates <\/strong>sont nombreux et d\u00e9pendent de chacun des objectifs que vous formulez. Nos <strong>coachs <\/strong>sp\u00e9cialis\u00e9s en <strong>m\u00e9thode pilates <\/strong>sauront adapter vos s\u00e9ances et vos <strong>entra\u00eenements <\/strong>en fonction de vos attentes.<\/p>\n<p>Discover our <a href=\"https:\/\/pilatesexcellence.ochoagency.dev\/en\/yoga-session-at-home\/\">yoga classes at home<\/a>!<\/p>\n<h3 id=\"elementor-tab-title-1552\" data-tab=\"2\" role=\"tab\" aria-controls=\"elementor-tab-content-1552\" aria-expanded=\"false\">\n\t\t\t\t\t\t\t\t\t\t\t\t<a href=\"\">Les bienfaits du pilates !<\/a><br \/>\n\t\t\t\t\t<\/h3>\n<p>Acc\u00e8s et maintien d&#8217;une bonne <strong>posture du corps<\/strong>, am\u00e9lioration de la force, optimisation de la souplesse, meilleure coordination dans les mouvements&#8230; Autant de perspectives autoris\u00e9es par la <strong>pratique du pilates<\/strong>.<\/p>\n<p>Lorsque vous pratiquez r\u00e9guli\u00e8rement le <strong>pilates<\/strong>, c&#8217;est votre <strong>sant\u00e9 globale <\/strong>qui en ressort plus optimale gr\u00e2ce aux r\u00e9sultats que la m\u00e9thode permet d&#8217;obtenir notamment par le travail de renforcement des <strong>muscles profonds<\/strong>.<\/p>\n<p><strong>Faire appel \u00e0 un coach <\/strong>personnel pour vos s\u00e9ances d&#8217;exercices de pilates, c&#8217;est faire le choix d&#8217;une pratique d&#8217;excellence a\ufb01n d&#8217;atteindre des objectifs pr\u00e9cis en parfaite corr\u00e9lation avec les bienfaits autoris\u00e9s par cette activit\u00e9 du <strong>corps et de l&#8217;esprit<\/strong>.<\/p>\n<p>Les personnes pratiquants le <strong>pilates <\/strong>recherche souvent une m\u00e9thode douce et <strong>holistique <\/strong>dans une volont\u00e9 d&#8217;amincissement de la silhouette, pour soulager des douleurs dorsales, pour am\u00e9liorer la posture, renforcer la sangle abdominale, optimiser son potentiel de sant\u00e9 globale ou simplement atteindre une meilleure condition physique par une pratique qui a du sens.<\/p>\n<h3 id=\"elementor-tab-title-1553\" data-tab=\"3\" role=\"tab\" aria-controls=\"elementor-tab-content-1553\" aria-expanded=\"false\">\n\t\t\t\t\t\t\t\t\t\t\t\t<a href=\"\">Les cours de pilates a domicile avec pilates excellence, comment \u00e7a marche&nbsp;?<\/a><br \/>\n\t\t\t\t\t<\/h3>\n<p>Vous faire accompagner par un <strong>coach sportif personnel <\/strong>pour un v\u00e9cu personnalis\u00e9 de vos s\u00e9ances de pilates permet de r\u00e9pondre m une grande diversit\u00e9 d&#8217;objectif propre \u00e0 chacun.<\/p>\n<p>Mais avant tout, la <strong>m\u00e9thode pilates \u00e0 domicile<\/strong>, c&#8217;est une formidable opportunit\u00e9 de reprendre le contr\u00f4le de son corps et de son esprit sans avoir \u00e0 bouger de chez soi !<\/p>\n<p>Pour que nos <strong>s\u00e9ances de pilates \u00e0 domicile <\/strong>soient r\u00e9ellement b\u00e9n\u00e9\ufb01ques pour vous sur le long terme, nos coachs doivent avant tout apprendre \u00e0 vous conna\u00eetre dans votre enti\u00e8ret\u00e9 ainsi que se situer dans un environnement qui vous est familier.<\/p>\n<p>Ainsi, pour vous proposer des <strong>s\u00e9ances d&#8217;exercices \u00e0 domicile <\/strong>qui soit parfaitement tourn\u00e9es vers vos attentes, nous faisons le point vos objectifs et apprenons \u00e0 savoir qui vous \u00eates : des \u00e9changes indispensables pour vous proposer le <strong>programme de pilates <\/strong>qui vous correspond !<\/p>\n<p>Recherchez-vous une m\u00e9thode de remise en forme \u00e0 domicile ou une activit\u00e9 sportive vous permettant d&#8217;acc\u00e9der \u00e0 un meilleur bien-\u00eatre ?<\/p>\n<p>Quelle image vous faites-vous de la m\u00e9thode pilates et de l&#8217;activit\u00e9 physique en g\u00e9n\u00e9ral ?<\/p>\n<p>Quelles sont vos habitudes alimentaires ou avez vous des ant\u00e9c\u00e9dents m\u00e9dicaux ?<\/p>\n<p>De quel mat\u00e9riel et de quel espace disposez-vous dans votre int\u00e9rieur ?<\/p>\n<p>Des questions tr\u00e8s cibl\u00e9es qui nous invitent ensuite m mettre en place le<\/p>\n<p><strong>programme d&#8217;entra\u00eenement pilates <\/strong>adapt\u00e9<\/p>\n<h3 id=\"elementor-tab-title-1554\" data-tab=\"4\" role=\"tab\" aria-controls=\"elementor-tab-content-1554\" aria-expanded=\"false\">\n\t\t\t\t\t\t\t\t\t\t\t\t<a href=\"\">La methode pilates a domicile pour qui&nbsp;?<\/a><br \/>\n\t\t\t\t\t<\/h3>\n<p>Il n&#8217;est nullement question de conditions pour pratiquer le pilates dans le confort de votre domicile sauf si vous faites \u00e9tat de contre-indications bien entendu.<\/p>\n<p><strong>Af\ufb01ner sa silhouette <\/strong>dans un objectif <strong>minceur<\/strong>, am\u00e9liorer sa <strong>posture <\/strong>pour <strong>soulager des douleurs <\/strong>dorsales, booster ses <strong>performances sportives<\/strong>, am\u00e9liorer sa condition de futur maman pendant et apr\u00e8s la grossesse ou r\u00e9\u00e9duquer son corps apr\u00e8s une blessure ou un traumatisme, c&#8217;est parce qu&#8217;il existe autant de raisons de <strong>pratiquer le pilates <\/strong>que de personnalit\u00e9s distinctes que nous individualisons vos s\u00e9ances et vos exercices selon votre situation.<\/p>\n<p><strong>Cours de renforcement musculaire, s\u00e9ances de gymnastique douce, travail sur la respiration, body \ufb01tness, exercices pour maigrir <\/strong>ou pour vous <strong>faire progresser <\/strong>dans votre pratique, la m\u00e9thode pilates regroupe diff\u00e9rentes activit\u00e9s sportives que <strong>Pilates Excellence <\/strong>vous propose de vivre \u00e0 domicile.<\/p>\n<p>Que vous soyez d\u00e9butants ou praticant exp\u00e9riment\u00e9, homme ou femme, quel que soit votre \u00e2ge ou votre condition physique, nos <strong>coachs personnels \u00e0 domicile <\/strong>sauront adapter vos s\u00e9ances par une approche holistique et bienveillante de votre \u00eatre dans sa globalit\u00e9.<\/p>\n<h3 id=\"elementor-tab-title-1555\" data-tab=\"5\" role=\"tab\" aria-controls=\"elementor-tab-content-1555\" aria-expanded=\"false\">\n\t\t\t\t\t\t\t\t\t\t\t\t<a href=\"\">Pourquoi choisir le pilates a domicile ?<\/a><br \/>\n\t\t\t\t\t<\/h3>\n<p>Dans nos modes de vie modernes, il est parfois compliqu\u00e9 de concilier la volont\u00e9 de <strong>prendre soin de soi <\/strong>avec nos diff\u00e9rentes obligations professionnelles et personnelles.<\/p>\n<p>Pour d&#8217;autres, la pratique d&#8217;une activit\u00e9 sportive dans une salle de sport ou un centre de \ufb01tness pour des cours collectifs ou m\u00eame des s\u00e9ances individuelles peut \u00eatre r\u00e9dhibitoire.<\/p>\n<p>C&#8217;est pour nous adapter m vos emplois du temps et vous permettre de pratiquer une <strong>activit\u00e9 sportive <\/strong>pleine de sens que <strong>Pilates Excellence <\/strong>vous propose de programmer vos s\u00e9ances sur le lieu de votre choix. Instaurer un planning de cours \u00e0 domicile ne signi\ufb01e pas pour autant que nous ne pouvons pas nous adapter \u00e0 votre emploi du temps ou \u00e0 vos contraintes quotidiennes !<\/p>\n<p>Que ce soit pour des <strong>cours individuels de pilates <\/strong> dans votre salon, sur votre lieu de travail, pendant vos d\u00e9placements ou \u00e0 l&#8217;endroit o\u00f9 vous passez vos vacances, la pr\u00e9sence des coachs Pilates Excellence sur Paris et l&#8217;\u00cele de France, Aix en Provence et les Bouches du Rh\u00f4ne ou encore Londres, nous permet de vous accompagner sur le lieu qui a vos pr\u00e9f\u00e9rences.<\/p>\n<p>Ensemble, faisons en sorte de r\u00e9pondre m vos besoins et de concr\u00e9tiser vos objectifs dans une <strong>pratique du pilates personnalis\u00e9e, <\/strong>bienveillante et holistique qui permettra d&#8217;atteindre un meilleur \u00e9quilibre corps et esprit et une am\u00e9lioration visible de votre <strong>sant\u00e9 globale<\/strong><\/p>\n<p><a href=\"https:\/\/pilatesexcellence.ochoagency.dev\/en\/about\/\">Voir toutes nos questions<\/a><\/p>\n<p>[sc_insta][sc_foot]<\/p>\n","protected":false},"excerpt":{"rendered":"<p>[sc_recom][sc_partenaire] Le Pilates \u00e0 domicile pour une approche du corps dans sa globalit\u00e9 et dans sa singularit\u00e9 ! Qu&#8217;est-ce que [&hellip;]<\/p>\n","protected":false},"author":5,"featured_media":0,"parent":0,"menu_order":0,"comment_status":"closed","ping_status":"closed","template":"","meta":{"_acf_changed":false,"inline_featured_image":false,"footnotes":""},"class_list":["post-595","page","type-page","status-publish","hentry"],"acf":[],"yoast_head":"<!-- This site is optimized with the Yoast SEO Premium plugin v20.12 (Yoast SEO v26.6) - https:\/\/yoast.com\/wordpress\/plugins\/seo\/ -->\n<title>Pilates \u00e0 domicile - Pilates Excellence<\/title>\n<meta name=\"description\" content=\"Tailored pilates sessions where you want : your Home, your Office, your Holiday home, on-the-move In Paris, London, Aix-en-Provence or maybe nearby your place ?\" \/>\n<meta name=\"robots\" content=\"index, follow, max-snippet:-1, max-image-preview:large, max-video-preview:-1\" \/>\n<link rel=\"canonical\" href=\"http:\/\/pilatesexcellence.ochoagency.dev\/en\/\" \/>\n<meta property=\"og:locale\" content=\"en_US\" \/>\n<meta property=\"og:type\" content=\"article\" \/>\n<meta property=\"og:title\" content=\"Home\" \/>\n<meta property=\"og:description\" content=\"Tailored pilates sessions where you want : your Home, your Office, your Holiday home, on-the-move In Paris, London, Aix-en-Provence or maybe nearby your place ?\" \/>\n<meta property=\"og:url\" content=\"http:\/\/pilatesexcellence.ochoagency.dev\/en\/\" \/>\n<meta property=\"og:site_name\" content=\"Pilates Excellence\" \/>\n<meta property=\"article:publisher\" content=\"https:\/\/www.facebook.com\/pilatesexcellence.paris\" \/>\n<meta property=\"article:modified_time\" content=\"2023-11-24T12:37:28+00:00\" \/>\n<meta name=\"twitter:card\" content=\"summary_large_image\" \/>\n<meta name=\"twitter:label1\" content=\"Est. reading time\" \/>\n\t<meta name=\"twitter:data1\" content=\"14 minutes\" \/>\n<script type=\"application\/ld+json\" class=\"yoast-schema-graph\">{\"@context\":\"https:\/\/schema.org\",\"@graph\":[{\"@type\":\"WebPage\",\"@id\":\"http:\/\/pilatesexcellence.ochoagency.dev\/en\/\",\"url\":\"http:\/\/pilatesexcellence.ochoagency.dev\/en\/\",\"name\":\"Pilates \u00e0 domicile - Pilates Excellence\",\"isPartOf\":{\"@id\":\"https:\/\/pilatesexcellence.ochoagency.dev\/#website\"},\"datePublished\":\"2021-04-19T16:01:15+00:00\",\"dateModified\":\"2023-11-24T12:37:28+00:00\",\"description\":\"Tailored pilates sessions where you want : your Home, your Office, your Holiday home, on-the-move In Paris, London, Aix-en-Provence or maybe nearby your place ?\",\"breadcrumb\":{\"@id\":\"http:\/\/pilatesexcellence.ochoagency.dev\/en\/#breadcrumb\"},\"inLanguage\":\"en-US\",\"potentialAction\":[{\"@type\":\"ReadAction\",\"target\":[\"http:\/\/pilatesexcellence.ochoagency.dev\/en\/\"]}]},{\"@type\":\"BreadcrumbList\",\"@id\":\"http:\/\/pilatesexcellence.ochoagency.dev\/en\/#breadcrumb\",\"itemListElement\":[{\"@type\":\"ListItem\",\"position\":1,\"name\":\"Accueil\",\"item\":\"http:\/\/pilatesexcellence.ochoagency.dev\/en\/\"},{\"@type\":\"ListItem\",\"position\":2,\"name\":\"Home\"}]},{\"@type\":\"WebSite\",\"@id\":\"https:\/\/pilatesexcellence.ochoagency.dev\/#website\",\"url\":\"https:\/\/pilatesexcellence.ochoagency.dev\/\",\"name\":\"Pilates Excellence\",\"description\":\"Le Pilates sur mesure \u00e0 domicile, en visio et en vid\u00e9o\",\"publisher\":{\"@id\":\"https:\/\/pilatesexcellence.ochoagency.dev\/#organization\"},\"potentialAction\":[{\"@type\":\"SearchAction\",\"target\":{\"@type\":\"EntryPoint\",\"urlTemplate\":\"https:\/\/pilatesexcellence.ochoagency.dev\/?s={search_term_string}\"},\"query-input\":{\"@type\":\"PropertyValueSpecification\",\"valueRequired\":true,\"valueName\":\"search_term_string\"}}],\"inLanguage\":\"en-US\"},{\"@type\":\"Organization\",\"@id\":\"https:\/\/pilatesexcellence.ochoagency.dev\/#organization\",\"name\":\"Pilates Excellence\",\"url\":\"https:\/\/pilatesexcellence.ochoagency.dev\/\",\"logo\":{\"@type\":\"ImageObject\",\"inLanguage\":\"en-US\",\"@id\":\"https:\/\/pilatesexcellence.ochoagency.dev\/#\/schema\/logo\/image\/\",\"url\":\"http:\/\/pilatesexcellence.ochoagency.dev\/wp-content\/uploads\/2021\/05\/logo-1.svg\",\"contentUrl\":\"http:\/\/pilatesexcellence.ochoagency.dev\/wp-content\/uploads\/2021\/05\/logo-1.svg\",\"width\":1,\"height\":1,\"caption\":\"Pilates Excellence\"},\"image\":{\"@id\":\"https:\/\/pilatesexcellence.ochoagency.dev\/#\/schema\/logo\/image\/\"},\"sameAs\":[\"https:\/\/www.facebook.com\/pilatesexcellence.paris\",\"https:\/\/www.instagram.com\/pilatesexcellence\/\",\"https:\/\/fr.linkedin.com\/company\/pilates-excellence\/\"]}]}<\/script>\n<!-- \/ Yoast SEO Premium plugin. -->","yoast_head_json":{"title":"Pilates \u00e0 domicile - Pilates Excellence","description":"Tailored pilates sessions where you want : your Home, your Office, your Holiday home, on-the-move In Paris, London, Aix-en-Provence or maybe nearby your place ?","robots":{"index":"index","follow":"follow","max-snippet":"max-snippet:-1","max-image-preview":"max-image-preview:large","max-video-preview":"max-video-preview:-1"},"canonical":"http:\/\/pilatesexcellence.ochoagency.dev\/en\/","og_locale":"en_US","og_type":"article","og_title":"Home","og_description":"Tailored pilates sessions where you want : your Home, your Office, your Holiday home, on-the-move In Paris, London, Aix-en-Provence or maybe nearby your place ?","og_url":"http:\/\/pilatesexcellence.ochoagency.dev\/en\/","og_site_name":"Pilates Excellence","article_publisher":"https:\/\/www.facebook.com\/pilatesexcellence.paris","article_modified_time":"2023-11-24T12:37:28+00:00","twitter_card":"summary_large_image","twitter_misc":{"Est. reading time":"14 minutes"},"schema":{"@context":"https:\/\/schema.org","@graph":[{"@type":"WebPage","@id":"http:\/\/pilatesexcellence.ochoagency.dev\/en\/","url":"http:\/\/pilatesexcellence.ochoagency.dev\/en\/","name":"Pilates \u00e0 domicile - Pilates Excellence","isPartOf":{"@id":"https:\/\/pilatesexcellence.ochoagency.dev\/#website"},"datePublished":"2021-04-19T16:01:15+00:00","dateModified":"2023-11-24T12:37:28+00:00","description":"Tailored pilates sessions where you want : your Home, your Office, your Holiday home, on-the-move In Paris, London, Aix-en-Provence or maybe nearby your place ?","breadcrumb":{"@id":"http:\/\/pilatesexcellence.ochoagency.dev\/en\/#breadcrumb"},"inLanguage":"en-US","potentialAction":[{"@type":"ReadAction","target":["http:\/\/pilatesexcellence.ochoagency.dev\/en\/"]}]},{"@type":"BreadcrumbList","@id":"http:\/\/pilatesexcellence.ochoagency.dev\/en\/#breadcrumb","itemListElement":[{"@type":"ListItem","position":1,"name":"Accueil","item":"http:\/\/pilatesexcellence.ochoagency.dev\/en\/"},{"@type":"ListItem","position":2,"name":"Home"}]},{"@type":"WebSite","@id":"https:\/\/pilatesexcellence.ochoagency.dev\/#website","url":"https:\/\/pilatesexcellence.ochoagency.dev\/","name":"Pilates Excellence","description":"Le Pilates sur mesure \u00e0 domicile, en visio et en vid\u00e9o","publisher":{"@id":"https:\/\/pilatesexcellence.ochoagency.dev\/#organization"},"potentialAction":[{"@type":"SearchAction","target":{"@type":"EntryPoint","urlTemplate":"https:\/\/pilatesexcellence.ochoagency.dev\/?s={search_term_string}"},"query-input":{"@type":"PropertyValueSpecification","valueRequired":true,"valueName":"search_term_string"}}],"inLanguage":"en-US"},{"@type":"Organization","@id":"https:\/\/pilatesexcellence.ochoagency.dev\/#organization","name":"Pilates Excellence","url":"https:\/\/pilatesexcellence.ochoagency.dev\/","logo":{"@type":"ImageObject","inLanguage":"en-US","@id":"https:\/\/pilatesexcellence.ochoagency.dev\/#\/schema\/logo\/image\/","url":"http:\/\/pilatesexcellence.ochoagency.dev\/wp-content\/uploads\/2021\/05\/logo-1.svg","contentUrl":"http:\/\/pilatesexcellence.ochoagency.dev\/wp-content\/uploads\/2021\/05\/logo-1.svg","width":1,"height":1,"caption":"Pilates Excellence"},"image":{"@id":"https:\/\/pilatesexcellence.ochoagency.dev\/#\/schema\/logo\/image\/"},"sameAs":["https:\/\/www.facebook.com\/pilatesexcellence.paris","https:\/\/www.instagram.com\/pilatesexcellence\/","https:\/\/fr.linkedin.com\/company\/pilates-excellence\/"]}]}},"jetpack_sharing_enabled":true,"_links":{"self":[{"href":"http:\/\/pilatesexcellence.ochoagency.dev\/en\/wp-json\/wp\/v2\/pages\/595","targetHints":{"allow":["GET"]}}],"collection":[{"href":"http:\/\/pilatesexcellence.ochoagency.dev\/en\/wp-json\/wp\/v2\/pages"}],"about":[{"href":"http:\/\/pilatesexcellence.ochoagency.dev\/en\/wp-json\/wp\/v2\/types\/page"}],"author":[{"embeddable":true,"href":"http:\/\/pilatesexcellence.ochoagency.dev\/en\/wp-json\/wp\/v2\/users\/5"}],"replies":[{"embeddable":true,"href":"http:\/\/pilatesexcellence.ochoagency.dev\/en\/wp-json\/wp\/v2\/comments?post=595"}],"version-history":[{"count":9,"href":"http:\/\/pilatesexcellence.ochoagency.dev\/en\/wp-json\/wp\/v2\/pages\/595\/revisions"}],"predecessor-version":[{"id":4648,"href":"http:\/\/pilatesexcellence.ochoagency.dev\/en\/wp-json\/wp\/v2\/pages\/595\/revisions\/4648"}],"wp:attachment":[{"href":"http:\/\/pilatesexcellence.ochoagency.dev\/en\/wp-json\/wp\/v2\/media?parent=595"}],"curies":[{"name":"wp","href":"https:\/\/api.w.org\/{rel}","templated":true}]}}