{"id":1141,"date":"2021-07-19T13:56:52","date_gmt":"2021-07-19T11:56:52","guid":{"rendered":"https:\/\/pilatesexcellence.ochoagency.dev\/methode\/"},"modified":"2024-01-26T14:01:05","modified_gmt":"2024-01-26T13:01:05","slug":"method","status":"publish","type":"page","link":"http:\/\/pilatesexcellence.ochoagency.dev\/en\/method\/","title":{"rendered":"Method"},"content":{"rendered":"<p>[sc_bannerConcept]\t\t<\/p>\n<h2>Our Mission<\/h2>\n<p>An exclusive and holistic approach to Pilates; <br \/>A team of highly experienced instructors; <br \/>A passion for movement, the body and well-being.<\/p>\n<p>\t\t\t\t\t\t\t\t\t\t\t\t<img width=\"683\" height=\"1024\" src=\"https:\/\/pilatesexcellence.ochoagency.dev\/wp-content\/uploads\/2021\/07\/Copie-de-IMG_2428-2-683x1024.jpg\" alt=\"nos s\u00e9ances de pilates dans l&#039;atmosph\u00e8re priv\u00e9e et d\u00e9tendue de votre domicile\" decoding=\"async\" loading=\"lazy\" srcset=\"https:\/\/pilatesexcellence.ochoagency.dev\/wp-content\/uploads\/2021\/07\/Copie-de-IMG_2428-2-683x1024.jpg 683w, https:\/\/pilatesexcellence.ochoagency.dev\/wp-content\/uploads\/2021\/07\/Copie-de-IMG_2428-2-200x300.jpg 200w, https:\/\/pilatesexcellence.ochoagency.dev\/wp-content\/uploads\/2021\/07\/Copie-de-IMG_2428-2-768x1152.jpg 768w, https:\/\/pilatesexcellence.ochoagency.dev\/wp-content\/uploads\/2021\/07\/Copie-de-IMG_2428-2-1024x1536.jpg 1024w, https:\/\/pilatesexcellence.ochoagency.dev\/wp-content\/uploads\/2021\/07\/Copie-de-IMG_2428-2-1365x2048.jpg 1365w, https:\/\/pilatesexcellence.ochoagency.dev\/wp-content\/uploads\/2021\/07\/Copie-de-IMG_2428-2-scaled.jpg 1707w\" sizes=\"auto, (max-width: 683px) 100vw, 683px\" \/>\t\t\t\t\t\t\t\t\t\t\t\t\t\t<\/p>\n<h2>The <br \/>\nenvironment<\/h2>\n<p>You choose the location of your Pilates sessions : At your home, at the office, a holiday home or hotel; our trained instructors will come to you.<\/p>\n<p>All you need is a comfortable outfit and an exercise mat; our instructors will provide the necessary equipment needed for your session. <\/p>\n<h2>Needs Analysis<\/h2>\n<p>A one-on-one chat with your personal coach to discuss your exercise health history, talk about your daily habits, and identify your needs and goals to ensure you get the very best results from your Pilates exercise programme. Pour nous, chaque client est unique, chaque s\u00e9ance doit donc l&#8217;\u00eatre aussi !<\/p>\n<p>\t\t\t\t\t\t\t\t\t\t\t\t<img width=\"576\" height=\"1024\" src=\"https:\/\/pilatesexcellence.ochoagency.dev\/wp-content\/uploads\/2021\/06\/20210122_155458-576x1024.jpg\" alt=\"nous \u00e9changeons sur vos attentes\" decoding=\"async\" loading=\"lazy\" srcset=\"https:\/\/pilatesexcellence.ochoagency.dev\/wp-content\/uploads\/2021\/06\/20210122_155458-576x1024.jpg 576w, https:\/\/pilatesexcellence.ochoagency.dev\/wp-content\/uploads\/2021\/06\/20210122_155458-169x300.jpg 169w, https:\/\/pilatesexcellence.ochoagency.dev\/wp-content\/uploads\/2021\/06\/20210122_155458-768x1365.jpg 768w, https:\/\/pilatesexcellence.ochoagency.dev\/wp-content\/uploads\/2021\/06\/20210122_155458-864x1536.jpg 864w, https:\/\/pilatesexcellence.ochoagency.dev\/wp-content\/uploads\/2021\/06\/20210122_155458-1152x2048.jpg 1152w, https:\/\/pilatesexcellence.ochoagency.dev\/wp-content\/uploads\/2021\/06\/20210122_155458-scaled.jpg 1440w\" sizes=\"auto, (max-width: 576px) 100vw, 576px\" \/><br \/>\n\t\t\t\t\t\t\t\t\t\t\t\t<img width=\"683\" height=\"1024\" src=\"https:\/\/pilatesexcellence.ochoagency.dev\/wp-content\/uploads\/2021\/06\/IMG_1946-683x1024.jpg\" alt=\"des s\u00e9ances de pilates avec une \u00e9tude posturale\" decoding=\"async\" loading=\"lazy\" srcset=\"https:\/\/pilatesexcellence.ochoagency.dev\/wp-content\/uploads\/2021\/06\/IMG_1946-683x1024.jpg 683w, https:\/\/pilatesexcellence.ochoagency.dev\/wp-content\/uploads\/2021\/06\/IMG_1946-200x300.jpg 200w, https:\/\/pilatesexcellence.ochoagency.dev\/wp-content\/uploads\/2021\/06\/IMG_1946-768x1152.jpg 768w, https:\/\/pilatesexcellence.ochoagency.dev\/wp-content\/uploads\/2021\/06\/IMG_1946-1024x1536.jpg 1024w, https:\/\/pilatesexcellence.ochoagency.dev\/wp-content\/uploads\/2021\/06\/IMG_1946-1365x2048.jpg 1365w, https:\/\/pilatesexcellence.ochoagency.dev\/wp-content\/uploads\/2021\/06\/IMG_1946-scaled.jpg 1707w\" sizes=\"auto, (max-width: 683px) 100vw, 683px\" \/>\t\t\t\t\t\t\t\t\t\t\t\t\t\t<\/p>\n<h2>Postural Assessment<\/h2>\n<p>Performed by your coach, is an assessment of your body as a whole through a series of movements. The assessment will help us to understand how your body is moving and functioning, and to identify any irregularities in your alignment.<\/p>\n<h2>Progressive <br \/>\nImplementation<\/h2>\n<p>The pace at which we move towards achieving your goals is entirely based upon your physical abilities and state of health.<\/p>\n<p><a href=\"https:\/\/pilatesexcellence.ochoagency.dev\/en\/rates-contact\/#blocContact\">I&#8217;m keen to get started<\/a><\/p>\n<p>\t\t\t\t\t\t\t\t\t\t\t\t<img width=\"683\" height=\"1024\" src=\"https:\/\/pilatesexcellence.ochoagency.dev\/wp-content\/uploads\/2021\/06\/Copie-de-IMG_1866-683x1024.jpg\" alt=\"votre s\u00e9ance de pilates adapt\u00e9e aux niveaux d\u00e9butants, interm\u00e9diaires et avanc\u00e9s\" decoding=\"async\" loading=\"lazy\" srcset=\"https:\/\/pilatesexcellence.ochoagency.dev\/wp-content\/uploads\/2021\/06\/Copie-de-IMG_1866-683x1024.jpg 683w, https:\/\/pilatesexcellence.ochoagency.dev\/wp-content\/uploads\/2021\/06\/Copie-de-IMG_1866-200x300.jpg 200w, https:\/\/pilatesexcellence.ochoagency.dev\/wp-content\/uploads\/2021\/06\/Copie-de-IMG_1866-768x1152.jpg 768w, https:\/\/pilatesexcellence.ochoagency.dev\/wp-content\/uploads\/2021\/06\/Copie-de-IMG_1866-1024x1536.jpg 1024w, https:\/\/pilatesexcellence.ochoagency.dev\/wp-content\/uploads\/2021\/06\/Copie-de-IMG_1866-1365x2048.jpg 1365w, https:\/\/pilatesexcellence.ochoagency.dev\/wp-content\/uploads\/2021\/06\/Copie-de-IMG_1866-scaled.jpg 1707w\" sizes=\"auto, (max-width: 683px) 100vw, 683px\" \/>\t\t\t\t\t\t\t\t\t\t\t\t\t\t<\/p>\n<p>\u00ab Not the body or the mind,<br \/>but the body and the mind \u00bb<\/p>\n<p>Joseph Pilates<\/p>\n<p>[sc_insta]<\/p>\n","protected":false},"excerpt":{"rendered":"<p>[sc_bannerConcept] Our Mission An exclusive and holistic approach to Pilates; A team of highly experienced instructors; A passion for movement, [&hellip;]<\/p>\n","protected":false},"author":5,"featured_media":0,"parent":0,"menu_order":0,"comment_status":"closed","ping_status":"closed","template":"","meta":{"_acf_changed":false,"inline_featured_image":false,"footnotes":""},"class_list":["post-1141","page","type-page","status-publish","hentry"],"acf":[],"yoast_head":"<!-- This site is optimized with the Yoast SEO Premium plugin v20.12 (Yoast SEO v26.6) - https:\/\/yoast.com\/wordpress\/plugins\/seo\/ -->\n<title>The pilates that adapts to you &#8211; Pilates Excellence<\/title>\n<meta name=\"description\" content=\"At Pilates Excellence, the sessions are personnalised and tailored to your needs Your are unique, so is our method\" \/>\n<meta name=\"robots\" content=\"index, follow, max-snippet:-1, max-image-preview:large, max-video-preview:-1\" \/>\n<link rel=\"canonical\" href=\"http:\/\/pilatesexcellence.ochoagency.dev\/en\/method\/\" \/>\n<meta property=\"og:locale\" content=\"en_US\" \/>\n<meta property=\"og:type\" content=\"article\" \/>\n<meta property=\"og:title\" content=\"Method\" \/>\n<meta property=\"og:description\" content=\"At Pilates Excellence, the sessions are personnalised and tailored to your needs Your are unique, so is our method\" \/>\n<meta property=\"og:url\" content=\"http:\/\/pilatesexcellence.ochoagency.dev\/en\/method\/\" \/>\n<meta property=\"og:site_name\" content=\"Pilates Excellence\" \/>\n<meta property=\"article:publisher\" content=\"https:\/\/www.facebook.com\/pilatesexcellence.paris\" \/>\n<meta property=\"article:modified_time\" content=\"2024-01-26T13:01:05+00:00\" \/>\n<meta property=\"og:image\" content=\"https:\/\/pilatesexcellence.ochoagency.dev\/wp-content\/uploads\/2021\/07\/Copie-de-IMG_2428-2-683x1024.jpg\" \/>\n<meta name=\"twitter:card\" content=\"summary_large_image\" \/>\n<meta name=\"twitter:label1\" content=\"Est. reading time\" \/>\n\t<meta name=\"twitter:data1\" content=\"5 minutes\" \/>\n<script type=\"application\/ld+json\" class=\"yoast-schema-graph\">{\"@context\":\"https:\/\/schema.org\",\"@graph\":[{\"@type\":\"WebPage\",\"@id\":\"http:\/\/pilatesexcellence.ochoagency.dev\/en\/method\/\",\"url\":\"http:\/\/pilatesexcellence.ochoagency.dev\/en\/method\/\",\"name\":\"The pilates that adapts to you &#8211; Pilates Excellence\",\"isPartOf\":{\"@id\":\"https:\/\/pilatesexcellence.ochoagency.dev\/#website\"},\"primaryImageOfPage\":{\"@id\":\"http:\/\/pilatesexcellence.ochoagency.dev\/en\/method\/#primaryimage\"},\"image\":{\"@id\":\"http:\/\/pilatesexcellence.ochoagency.dev\/en\/method\/#primaryimage\"},\"thumbnailUrl\":\"https:\/\/pilatesexcellence.ochoagency.dev\/wp-content\/uploads\/2021\/07\/Copie-de-IMG_2428-2-683x1024.jpg\",\"datePublished\":\"2021-07-19T11:56:52+00:00\",\"dateModified\":\"2024-01-26T13:01:05+00:00\",\"description\":\"At Pilates Excellence, the sessions are personnalised and tailored to your needs Your are unique, so is our method\",\"breadcrumb\":{\"@id\":\"http:\/\/pilatesexcellence.ochoagency.dev\/en\/method\/#breadcrumb\"},\"inLanguage\":\"en-US\",\"potentialAction\":[{\"@type\":\"ReadAction\",\"target\":[\"http:\/\/pilatesexcellence.ochoagency.dev\/en\/method\/\"]}]},{\"@type\":\"ImageObject\",\"inLanguage\":\"en-US\",\"@id\":\"http:\/\/pilatesexcellence.ochoagency.dev\/en\/method\/#primaryimage\",\"url\":\"https:\/\/pilatesexcellence.ochoagency.dev\/wp-content\/uploads\/2021\/07\/Copie-de-IMG_2428-2-683x1024.jpg\",\"contentUrl\":\"https:\/\/pilatesexcellence.ochoagency.dev\/wp-content\/uploads\/2021\/07\/Copie-de-IMG_2428-2-683x1024.jpg\"},{\"@type\":\"BreadcrumbList\",\"@id\":\"http:\/\/pilatesexcellence.ochoagency.dev\/en\/method\/#breadcrumb\",\"itemListElement\":[{\"@type\":\"ListItem\",\"position\":1,\"name\":\"Accueil\",\"item\":\"http:\/\/pilatesexcellence.ochoagency.dev\/en\/\"},{\"@type\":\"ListItem\",\"position\":2,\"name\":\"Method\"}]},{\"@type\":\"WebSite\",\"@id\":\"https:\/\/pilatesexcellence.ochoagency.dev\/#website\",\"url\":\"https:\/\/pilatesexcellence.ochoagency.dev\/\",\"name\":\"Pilates Excellence\",\"description\":\"Le Pilates sur mesure \u00e0 domicile, en visio et en vid\u00e9o\",\"publisher\":{\"@id\":\"https:\/\/pilatesexcellence.ochoagency.dev\/#organization\"},\"potentialAction\":[{\"@type\":\"SearchAction\",\"target\":{\"@type\":\"EntryPoint\",\"urlTemplate\":\"https:\/\/pilatesexcellence.ochoagency.dev\/?s={search_term_string}\"},\"query-input\":{\"@type\":\"PropertyValueSpecification\",\"valueRequired\":true,\"valueName\":\"search_term_string\"}}],\"inLanguage\":\"en-US\"},{\"@type\":\"Organization\",\"@id\":\"https:\/\/pilatesexcellence.ochoagency.dev\/#organization\",\"name\":\"Pilates Excellence\",\"url\":\"https:\/\/pilatesexcellence.ochoagency.dev\/\",\"logo\":{\"@type\":\"ImageObject\",\"inLanguage\":\"en-US\",\"@id\":\"https:\/\/pilatesexcellence.ochoagency.dev\/#\/schema\/logo\/image\/\",\"url\":\"http:\/\/pilatesexcellence.ochoagency.dev\/wp-content\/uploads\/2021\/05\/logo-1.svg\",\"contentUrl\":\"http:\/\/pilatesexcellence.ochoagency.dev\/wp-content\/uploads\/2021\/05\/logo-1.svg\",\"width\":1,\"height\":1,\"caption\":\"Pilates Excellence\"},\"image\":{\"@id\":\"https:\/\/pilatesexcellence.ochoagency.dev\/#\/schema\/logo\/image\/\"},\"sameAs\":[\"https:\/\/www.facebook.com\/pilatesexcellence.paris\",\"https:\/\/www.instagram.com\/pilatesexcellence\/\",\"https:\/\/fr.linkedin.com\/company\/pilates-excellence\/\"]}]}<\/script>\n<!-- \/ Yoast SEO Premium plugin. -->","yoast_head_json":{"title":"The pilates that adapts to you &#8211; Pilates Excellence","description":"At Pilates Excellence, the sessions are personnalised and tailored to your needs Your are unique, so is our method","robots":{"index":"index","follow":"follow","max-snippet":"max-snippet:-1","max-image-preview":"max-image-preview:large","max-video-preview":"max-video-preview:-1"},"canonical":"http:\/\/pilatesexcellence.ochoagency.dev\/en\/method\/","og_locale":"en_US","og_type":"article","og_title":"Method","og_description":"At Pilates Excellence, the sessions are personnalised and tailored to your needs Your are unique, so is our method","og_url":"http:\/\/pilatesexcellence.ochoagency.dev\/en\/method\/","og_site_name":"Pilates Excellence","article_publisher":"https:\/\/www.facebook.com\/pilatesexcellence.paris","article_modified_time":"2024-01-26T13:01:05+00:00","og_image":[{"url":"https:\/\/pilatesexcellence.ochoagency.dev\/wp-content\/uploads\/2021\/07\/Copie-de-IMG_2428-2-683x1024.jpg","type":"","width":"","height":""}],"twitter_card":"summary_large_image","twitter_misc":{"Est. reading time":"5 minutes"},"schema":{"@context":"https:\/\/schema.org","@graph":[{"@type":"WebPage","@id":"http:\/\/pilatesexcellence.ochoagency.dev\/en\/method\/","url":"http:\/\/pilatesexcellence.ochoagency.dev\/en\/method\/","name":"The pilates that adapts to you &#8211; Pilates Excellence","isPartOf":{"@id":"https:\/\/pilatesexcellence.ochoagency.dev\/#website"},"primaryImageOfPage":{"@id":"http:\/\/pilatesexcellence.ochoagency.dev\/en\/method\/#primaryimage"},"image":{"@id":"http:\/\/pilatesexcellence.ochoagency.dev\/en\/method\/#primaryimage"},"thumbnailUrl":"https:\/\/pilatesexcellence.ochoagency.dev\/wp-content\/uploads\/2021\/07\/Copie-de-IMG_2428-2-683x1024.jpg","datePublished":"2021-07-19T11:56:52+00:00","dateModified":"2024-01-26T13:01:05+00:00","description":"At Pilates Excellence, the sessions are personnalised and tailored to your needs Your are unique, so is our method","breadcrumb":{"@id":"http:\/\/pilatesexcellence.ochoagency.dev\/en\/method\/#breadcrumb"},"inLanguage":"en-US","potentialAction":[{"@type":"ReadAction","target":["http:\/\/pilatesexcellence.ochoagency.dev\/en\/method\/"]}]},{"@type":"ImageObject","inLanguage":"en-US","@id":"http:\/\/pilatesexcellence.ochoagency.dev\/en\/method\/#primaryimage","url":"https:\/\/pilatesexcellence.ochoagency.dev\/wp-content\/uploads\/2021\/07\/Copie-de-IMG_2428-2-683x1024.jpg","contentUrl":"https:\/\/pilatesexcellence.ochoagency.dev\/wp-content\/uploads\/2021\/07\/Copie-de-IMG_2428-2-683x1024.jpg"},{"@type":"BreadcrumbList","@id":"http:\/\/pilatesexcellence.ochoagency.dev\/en\/method\/#breadcrumb","itemListElement":[{"@type":"ListItem","position":1,"name":"Accueil","item":"http:\/\/pilatesexcellence.ochoagency.dev\/en\/"},{"@type":"ListItem","position":2,"name":"Method"}]},{"@type":"WebSite","@id":"https:\/\/pilatesexcellence.ochoagency.dev\/#website","url":"https:\/\/pilatesexcellence.ochoagency.dev\/","name":"Pilates Excellence","description":"Le Pilates sur mesure \u00e0 domicile, en visio et en vid\u00e9o","publisher":{"@id":"https:\/\/pilatesexcellence.ochoagency.dev\/#organization"},"potentialAction":[{"@type":"SearchAction","target":{"@type":"EntryPoint","urlTemplate":"https:\/\/pilatesexcellence.ochoagency.dev\/?s={search_term_string}"},"query-input":{"@type":"PropertyValueSpecification","valueRequired":true,"valueName":"search_term_string"}}],"inLanguage":"en-US"},{"@type":"Organization","@id":"https:\/\/pilatesexcellence.ochoagency.dev\/#organization","name":"Pilates Excellence","url":"https:\/\/pilatesexcellence.ochoagency.dev\/","logo":{"@type":"ImageObject","inLanguage":"en-US","@id":"https:\/\/pilatesexcellence.ochoagency.dev\/#\/schema\/logo\/image\/","url":"http:\/\/pilatesexcellence.ochoagency.dev\/wp-content\/uploads\/2021\/05\/logo-1.svg","contentUrl":"http:\/\/pilatesexcellence.ochoagency.dev\/wp-content\/uploads\/2021\/05\/logo-1.svg","width":1,"height":1,"caption":"Pilates Excellence"},"image":{"@id":"https:\/\/pilatesexcellence.ochoagency.dev\/#\/schema\/logo\/image\/"},"sameAs":["https:\/\/www.facebook.com\/pilatesexcellence.paris","https:\/\/www.instagram.com\/pilatesexcellence\/","https:\/\/fr.linkedin.com\/company\/pilates-excellence\/"]}]}},"jetpack_sharing_enabled":true,"_links":{"self":[{"href":"http:\/\/pilatesexcellence.ochoagency.dev\/en\/wp-json\/wp\/v2\/pages\/1141","targetHints":{"allow":["GET"]}}],"collection":[{"href":"http:\/\/pilatesexcellence.ochoagency.dev\/en\/wp-json\/wp\/v2\/pages"}],"about":[{"href":"http:\/\/pilatesexcellence.ochoagency.dev\/en\/wp-json\/wp\/v2\/types\/page"}],"author":[{"embeddable":true,"href":"http:\/\/pilatesexcellence.ochoagency.dev\/en\/wp-json\/wp\/v2\/users\/5"}],"replies":[{"embeddable":true,"href":"http:\/\/pilatesexcellence.ochoagency.dev\/en\/wp-json\/wp\/v2\/comments?post=1141"}],"version-history":[{"count":3,"href":"http:\/\/pilatesexcellence.ochoagency.dev\/en\/wp-json\/wp\/v2\/pages\/1141\/revisions"}],"predecessor-version":[{"id":5313,"href":"http:\/\/pilatesexcellence.ochoagency.dev\/en\/wp-json\/wp\/v2\/pages\/1141\/revisions\/5313"}],"wp:attachment":[{"href":"http:\/\/pilatesexcellence.ochoagency.dev\/en\/wp-json\/wp\/v2\/media?parent=1141"}],"curies":[{"name":"wp","href":"https:\/\/api.w.org\/{rel}","templated":true}]}}